{"id":29,"date":"2014-11-13T14:02:00","date_gmt":"2014-11-13T17:02:00","guid":{"rendered":"http:\/\/patricioquiroz.org\/?page_id=29"},"modified":"2014-11-13T14:02:00","modified_gmt":"2014-11-13T17:02:00","slug":"home","status":"publish","type":"page","link":"https:\/\/www.patricioquiroz.org\/","title":{"rendered":"About me"},"content":{"rendered":"<div style=\"float: left;\"><img loading=\"lazy\" decoding=\"async\" class=\"alignnone  wp-image-7\" src=\"https:\/\/www.patricioquiroz.org\/wp-content\/uploads\/2014\/11\/sesion_v_y_p_37-1.jpg\" alt=\"Patricio's picture\" width=\"234\" height=\"156\" \/><\/div>\n<div style=\"float: left; margin-left: 20px;\">\n<h3>Patricio Quiroz Herrera<\/h3>\n<p>Profesor por horas en la UTFSM (Santiago).<\/p>\n<\/div>\n<div style=\"clear: both;\"><\/div>\n<div style=\"font-size: 12px;\">Departamento de Matem\u00e1ticas<br \/>\nUniversidad T\u00e9cnica Federico Santa Mar\u00eda, San Joaqu\u00edn, Santiago<br \/>\nOficina: Investigadores<br \/>\n+56 22 303 7341\u00a0&#8211; patricio.quiroz AT usm DOT cl<\/div>\n<p>&nbsp;<\/p>\n<p>Mi \u00e1rea de investigaci\u00f3n es la Teor\u00eda Algebraica de N\u00fameros, en particular, la clasificaci\u00f3n de reticulados cuadr\u00e1ticos y anti-hermitianos as\u00ed como tambi\u00e9n la clasificaci\u00f3n de \u00f3rdenes en \u00e1lgebras centrales simples. Mi tutor fue\u00a0<a title=\"Luis Arenas\" href=\"https:\/\/sites.google.com\/a\/u.uchile.cl\/mat-ciencias-prof-luis-arenas\/home\/\" target=\"_blank\" rel=\"noopener\">Luis Arenas<\/a><\/p>\n<p>My research interest is in Algebraic Number Theory, specifically, the spinor genera theory applied to the classification problem of Integral quadratic lattices, quaternionic skew-hermitian lattices and orders in central simple algebras. My advisor was <a title=\"Luis Arenas\" href=\"https:\/\/sites.google.com\/a\/u.uchile.cl\/mat-ciencias-prof-luis-arenas\/home\/\" target=\"_blank\" rel=\"noopener\">Luis Arenas<\/a>\t\t<\/p>\n","protected":false},"excerpt":{"rendered":"<p>Patricio Quiroz Herrera Profesor por horas en la UTFSM (Santiago). Departamento de Matem\u00e1ticas Universidad T\u00e9cnica Federico Santa Mar\u00eda, San Joaqu\u00edn, Santiago Oficina: Investigadores +56 22 303 7341\u00a0&#8211; patricio.quiroz AT usm DOT cl &nbsp; Mi \u00e1rea de investigaci\u00f3n es la Teor\u00eda Algebraica de N\u00fameros, en particular, la clasificaci\u00f3n de reticulados cuadr\u00e1ticos y anti-hermitianos as\u00ed como tambi\u00e9n [&hellip;]<\/p>\n","protected":false},"author":1,"featured_media":0,"parent":0,"menu_order":0,"comment_status":"closed","ping_status":"closed","template":"","meta":{"footnotes":""},"class_list":["post-29","page","type-page","status-publish","hentry"],"_links":{"self":[{"href":"https:\/\/www.patricioquiroz.org\/index.php\/wp-json\/wp\/v2\/pages\/29","targetHints":{"allow":["GET"]}}],"collection":[{"href":"https:\/\/www.patricioquiroz.org\/index.php\/wp-json\/wp\/v2\/pages"}],"about":[{"href":"https:\/\/www.patricioquiroz.org\/index.php\/wp-json\/wp\/v2\/types\/page"}],"author":[{"embeddable":true,"href":"https:\/\/www.patricioquiroz.org\/index.php\/wp-json\/wp\/v2\/users\/1"}],"replies":[{"embeddable":true,"href":"https:\/\/www.patricioquiroz.org\/index.php\/wp-json\/wp\/v2\/comments?post=29"}],"version-history":[{"count":0,"href":"https:\/\/www.patricioquiroz.org\/index.php\/wp-json\/wp\/v2\/pages\/29\/revisions"}],"wp:attachment":[{"href":"https:\/\/www.patricioquiroz.org\/index.php\/wp-json\/wp\/v2\/media?parent=29"}],"curies":[{"name":"wp","href":"https:\/\/api.w.org\/{rel}","templated":true}]}}